{"id":61,"date":"2021-06-02T14:57:54","date_gmt":"2021-06-02T14:57:54","guid":{"rendered":"https:\/\/danielacortelazzo.it\/?page_id=61"},"modified":"2021-07-06T16:08:34","modified_gmt":"2021-07-06T16:08:34","slug":"crescita-personale","status":"publish","type":"page","link":"https:\/\/danielacortelazzo.it\/?page_id=61","title":{"rendered":"Crescita Personale"},"content":{"rendered":"<h1 class=\"p1\"><strong><span class=\"s1\">QUANDO SI AGISCE CRESCE IL CORAGGIO, QUANDO SI RIMANDA CRESCE LA PAURA.<\/span><\/strong><\/h1>\n<h3 class=\"p1\"><strong><span class=\"s1\">Publilio Siro<\/span><\/strong><i><\/i><\/h3>\n<p>&nbsp;<\/p>\n<p class=\"p4\">Intraprendere un percorso di <b>crescita personale<\/b> vuol dire imparare a guardare il mondo con altri occhi, vuol dire decidere che \u00e8 arrivato il momento di cambiare la nostra vita.<\/p>\n<p class=\"p4\"><span class=\"s1\">Siamo abituati a cercare nel mondo esteriore le scusanti per tutto ci\u00f2 che non dovrebbe esserci, dalla famiglia, al governo, alla societ\u00e0, la lista dei colpevoli \u00e8 infinita e a tutto questo viene attribuita la responsabilit\u00e0 del proprio destino. Sarebbe molto pi\u00f9 semplice modificare se stessi ed ecco che tutto il mondo esterno si modifica con noi, se la mattina vedo allo specchio un viso corrucciato non \u00e8 colpa dello specchio, non ho che da sorridere e lui con certezza risponder\u00e0 al sorriso. <\/span><\/p>\n<p class=\"p4\"><span class=\"s1\">Il mondo esterno \u00e8 la pi\u00f9 fidata fonte di informazioni sulla propria personale situazione, quella nella quale ci si trova, se impariamo a chiederci il senso di tutto ci\u00f2 che ci capita, non solo impareremo a conoscere meglio noi stessi e i nostri problemi, ma scopriremo anche le possibilit\u00e0 di cambiamento.<\/span><\/p>\n<p class=\"p6\"><em><strong><span class=\"s1\">I prossimi corsi sono in preparazione, e le date verranno pubblicate su questo sito.<\/span><\/strong><\/em><\/p>\n","protected":false},"excerpt":{"rendered":"<p>QUANDO SI AGISCE CRESCE IL CORAGGIO, QUANDO SI RIMANDA CRESCE LA PAURA. Publilio Siro &nbsp; Intraprendere un percorso di crescita personale vuol dire imparare a guardare il mondo con altri occhi, vuol dire decidere che \u00e8 arrivato il momento di cambiare la nostra vita. Siamo abituati a cercare nel mondo esteriore le scusanti per tutto &hellip; <\/p>\n<p class=\"link-more\"><a href=\"https:\/\/danielacortelazzo.it\/?page_id=61\" class=\"more-link\">Leggi tutto<span class=\"screen-reader-text\"> &#8220;Crescita Personale&#8221;<\/span><\/a><\/p>\n","protected":false},"author":1,"featured_media":170,"parent":0,"menu_order":0,"comment_status":"closed","ping_status":"closed","template":"","meta":{"spay_email":""},"_links":{"self":[{"href":"https:\/\/danielacortelazzo.it\/index.php?rest_route=\/wp\/v2\/pages\/61"}],"collection":[{"href":"https:\/\/danielacortelazzo.it\/index.php?rest_route=\/wp\/v2\/pages"}],"about":[{"href":"https:\/\/danielacortelazzo.it\/index.php?rest_route=\/wp\/v2\/types\/page"}],"author":[{"embeddable":true,"href":"https:\/\/danielacortelazzo.it\/index.php?rest_route=\/wp\/v2\/users\/1"}],"replies":[{"embeddable":true,"href":"https:\/\/danielacortelazzo.it\/index.php?rest_route=%2Fwp%2Fv2%2Fcomments&post=61"}],"version-history":[{"count":7,"href":"https:\/\/danielacortelazzo.it\/index.php?rest_route=\/wp\/v2\/pages\/61\/revisions"}],"predecessor-version":[{"id":201,"href":"https:\/\/danielacortelazzo.it\/index.php?rest_route=\/wp\/v2\/pages\/61\/revisions\/201"}],"wp:featuredmedia":[{"embeddable":true,"href":"https:\/\/danielacortelazzo.it\/index.php?rest_route=\/wp\/v2\/media\/170"}],"wp:attachment":[{"href":"https:\/\/danielacortelazzo.it\/index.php?rest_route=%2Fwp%2Fv2%2Fmedia&parent=61"}],"curies":[{"name":"wp","href":"https:\/\/api.w.org\/{rel}","templated":true}]}}