{"id":42,"date":"2021-06-02T14:46:42","date_gmt":"2021-06-02T14:46:42","guid":{"rendered":"https:\/\/danielacortelazzo.it\/?page_id=42"},"modified":"2021-08-10T14:25:30","modified_gmt":"2021-08-10T14:25:30","slug":"una-sezione-della-homepage","status":"publish","type":"page","link":"https:\/\/danielacortelazzo.it\/?page_id=42","title":{"rendered":"Coaching"},"content":{"rendered":"\r\n<h1><strong>CERCATE ARDENTEMENTE DI SCOPRIRE CHE COSA SIETE\u00a0 CHIAMATI A FARE, E POI METTETEVI A FARLO APPASSIONATAMENTE. SIATE COMUNQUE SEMPRE IL MEGLIO DI QUALSIASI COSA SIATE.<\/strong><\/h1>\r\n<h3><strong>Martin Luther King<\/strong><\/h3>\r\n<h3 style=\"text-align: left;\">Per me il coaching non si tratta solo di una professione, \u00e8 molto di pi\u00f9, <strong>\u00e8 il desiderio di poterti accompagnare verso un percorso di crescita<\/strong>, aiutandoti a scoprire <strong>i tuoi talenti<\/strong> e raggiungere i tuoi obiettivi personali e professionali. Io non vedo quello che sei ma quello che puoi diventare con quella magia che hai dentro e che si chiama talento. Ognuno di noi ha delle capacit\u00e0 innate e insieme scopriremo come farle emergere e coltivarle, <strong>come scoprire il tuo sogno, il tuo perch\u00e9, e cosa fare per raggiungerlo<\/strong>, cambiando gli schemi di pensiero limitanti in convinzioni utili al raggiungimento dei tuoi obbiettivi.<\/h3>\r\n<h1 style=\"text-align: center;\"><em><\/em><\/h1>\r\n<figure class=\"gallery-item\"><a href=\"https:\/\/danielacortelazzo.it\/wp-content\/uploads\/2021\/07\/CORTELAZZO-D.-ATTESTATO-SCUOLA-MCI-2021-TECHNICIAN-DI-PNL.jpg\" data-elementor-open-lightbox=\"yes\" data-elementor-lightbox-slideshow=\"bc5ff24\" data-elementor-lightbox-title=\"CORTELAZZO D.-ATTESTATO SCUOLA MCI - 2021 - TECHNICIAN DI PNL\"><img loading=\"lazy\" src=\"https:\/\/danielacortelazzo.it\/wp-content\/uploads\/2021\/07\/CORTELAZZO-D.-ATTESTATO-SCUOLA-MCI-2021-TECHNICIAN-DI-PNL-768x576.jpg\" sizes=\"100vw\" srcset=\"https:\/\/danielacortelazzo.it\/wp-content\/uploads\/2021\/07\/CORTELAZZO-D.-ATTESTATO-SCUOLA-MCI-2021-TECHNICIAN-DI-PNL-768x576.jpg 768w, https:\/\/danielacortelazzo.it\/wp-content\/uploads\/2021\/07\/CORTELAZZO-D.-ATTESTATO-SCUOLA-MCI-2021-TECHNICIAN-DI-PNL-300x225.jpg 300w, https:\/\/danielacortelazzo.it\/wp-content\/uploads\/2021\/07\/CORTELAZZO-D.-ATTESTATO-SCUOLA-MCI-2021-TECHNICIAN-DI-PNL-1024x768.jpg 1024w, https:\/\/danielacortelazzo.it\/wp-content\/uploads\/2021\/07\/CORTELAZZO-D.-ATTESTATO-SCUOLA-MCI-2021-TECHNICIAN-DI-PNL.jpg 1500w\" alt=\"\" width=\"525\" height=\"394\" \/><\/a><\/figure>\r\n<figure class=\"gallery-item\"><a href=\"https:\/\/danielacortelazzo.it\/wp-content\/uploads\/2021\/07\/CORTELAZZO-D.-ATTESTATO-SCUOLA-MCI-2021-PRACTITIONER-DI-PNL.jpg\" data-elementor-open-lightbox=\"yes\" data-elementor-lightbox-slideshow=\"bc5ff24\" data-elementor-lightbox-title=\"CORTELAZZO D.-ATTESTATO SCUOLA MCI - 2021 - PRACTITIONER DI PNL\"><img loading=\"lazy\" src=\"https:\/\/danielacortelazzo.it\/wp-content\/uploads\/2021\/07\/CORTELAZZO-D.-ATTESTATO-SCUOLA-MCI-2021-PRACTITIONER-DI-PNL-768x576.jpg\" sizes=\"100vw\" srcset=\"https:\/\/danielacortelazzo.it\/wp-content\/uploads\/2021\/07\/CORTELAZZO-D.-ATTESTATO-SCUOLA-MCI-2021-PRACTITIONER-DI-PNL-768x576.jpg 768w, https:\/\/danielacortelazzo.it\/wp-content\/uploads\/2021\/07\/CORTELAZZO-D.-ATTESTATO-SCUOLA-MCI-2021-PRACTITIONER-DI-PNL-300x225.jpg 300w, https:\/\/danielacortelazzo.it\/wp-content\/uploads\/2021\/07\/CORTELAZZO-D.-ATTESTATO-SCUOLA-MCI-2021-PRACTITIONER-DI-PNL-1024x768.jpg 1024w, https:\/\/danielacortelazzo.it\/wp-content\/uploads\/2021\/07\/CORTELAZZO-D.-ATTESTATO-SCUOLA-MCI-2021-PRACTITIONER-DI-PNL.jpg 1500w\" alt=\"\" width=\"525\" height=\"394\" \/><\/a><\/figure>\r\n<figure class=\"gallery-item\"><a href=\"https:\/\/danielacortelazzo.it\/wp-content\/uploads\/2021\/07\/CORTELAZZO-D.-ATTESTATO-PROFESSIONAL-COACH-2021.jpg\" data-elementor-open-lightbox=\"yes\" data-elementor-lightbox-slideshow=\"bc5ff24\" data-elementor-lightbox-title=\"CORTELAZZO D.-ATTESTATO PROFESSIONAL COACH - 2021\"><img loading=\"lazy\" src=\"https:\/\/danielacortelazzo.it\/wp-content\/uploads\/2021\/07\/CORTELAZZO-D.-ATTESTATO-PROFESSIONAL-COACH-2021-768x576.jpg\" sizes=\"100vw\" srcset=\"https:\/\/danielacortelazzo.it\/wp-content\/uploads\/2021\/07\/CORTELAZZO-D.-ATTESTATO-PROFESSIONAL-COACH-2021-768x576.jpg 768w, https:\/\/danielacortelazzo.it\/wp-content\/uploads\/2021\/07\/CORTELAZZO-D.-ATTESTATO-PROFESSIONAL-COACH-2021-300x225.jpg 300w, https:\/\/danielacortelazzo.it\/wp-content\/uploads\/2021\/07\/CORTELAZZO-D.-ATTESTATO-PROFESSIONAL-COACH-2021-1024x768.jpg 1024w, https:\/\/danielacortelazzo.it\/wp-content\/uploads\/2021\/07\/CORTELAZZO-D.-ATTESTATO-PROFESSIONAL-COACH-2021.jpg 1500w\" alt=\"\" width=\"525\" height=\"394\" \/><\/a><\/figure>\r\n<figure class=\"gallery-item\"><a href=\"https:\/\/danielacortelazzo.it\/wp-content\/uploads\/2021\/06\/Attestato_public-speaking_MCI_Daniela-Dayla-Cortelazzo.jpg\" data-elementor-open-lightbox=\"yes\" data-elementor-lightbox-slideshow=\"bc5ff24\" data-elementor-lightbox-title=\"Attestato_public speaking_MCI_Daniela Dayla Cortelazzo\"><img loading=\"lazy\" src=\"https:\/\/danielacortelazzo.it\/wp-content\/uploads\/2021\/06\/Attestato_public-speaking_MCI_Daniela-Dayla-Cortelazzo-768x576.jpg\" sizes=\"100vw\" srcset=\"https:\/\/danielacortelazzo.it\/wp-content\/uploads\/2021\/06\/Attestato_public-speaking_MCI_Daniela-Dayla-Cortelazzo-768x576.jpg 768w, https:\/\/danielacortelazzo.it\/wp-content\/uploads\/2021\/06\/Attestato_public-speaking_MCI_Daniela-Dayla-Cortelazzo-300x225.jpg 300w, https:\/\/danielacortelazzo.it\/wp-content\/uploads\/2021\/06\/Attestato_public-speaking_MCI_Daniela-Dayla-Cortelazzo.jpg 960w\" alt=\"\" width=\"525\" height=\"394\" \/><\/a><\/figure>\r\n<figure class=\"gallery-item\"><a href=\"https:\/\/danielacortelazzo.it\/wp-content\/uploads\/2021\/06\/attestato-di-partecipazione-Problem-solving-creativo_Dayla-Cortelazzo.png\" data-elementor-open-lightbox=\"yes\" data-elementor-lightbox-slideshow=\"bc5ff24\" data-elementor-lightbox-title=\"attestato di partecipazione Problem solving creativo_Dayla Cortelazzo\"><img loading=\"lazy\" src=\"https:\/\/danielacortelazzo.it\/wp-content\/uploads\/2021\/06\/attestato-di-partecipazione-Problem-solving-creativo_Dayla-Cortelazzo-768x543.png\" sizes=\"100vw\" srcset=\"https:\/\/danielacortelazzo.it\/wp-content\/uploads\/2021\/06\/attestato-di-partecipazione-Problem-solving-creativo_Dayla-Cortelazzo-768x543.png 768w, https:\/\/danielacortelazzo.it\/wp-content\/uploads\/2021\/06\/attestato-di-partecipazione-Problem-solving-creativo_Dayla-Cortelazzo-300x212.png 300w, https:\/\/danielacortelazzo.it\/wp-content\/uploads\/2021\/06\/attestato-di-partecipazione-Problem-solving-creativo_Dayla-Cortelazzo-1024x724.png 1024w, https:\/\/danielacortelazzo.it\/wp-content\/uploads\/2021\/06\/attestato-di-partecipazione-Problem-solving-creativo_Dayla-Cortelazzo-1536x1086.png 1536w, https:\/\/danielacortelazzo.it\/wp-content\/uploads\/2021\/06\/attestato-di-partecipazione-Problem-solving-creativo_Dayla-Cortelazzo.png 2000w\" alt=\"\" width=\"525\" height=\"371\" \/><\/a><\/figure>","protected":false},"excerpt":{"rendered":"<p>CERCATE ARDENTEMENTE DI SCOPRIRE CHE COSA SIETE\u00a0 CHIAMATI A FARE, E POI METTETEVI A FARLO APPASSIONATAMENTE. SIATE COMUNQUE SEMPRE IL MEGLIO DI QUALSIASI COSA SIATE. Martin Luther King Per me il coaching non si tratta solo di una professione, \u00e8 molto di pi\u00f9, \u00e8 il desiderio di poterti accompagnare verso un percorso di crescita, aiutandoti &hellip; <\/p>\n<p class=\"link-more\"><a href=\"https:\/\/danielacortelazzo.it\/?page_id=42\" class=\"more-link\">Leggi tutto<span class=\"screen-reader-text\"> &#8220;Coaching&#8221;<\/span><\/a><\/p>\n","protected":false},"author":1,"featured_media":169,"parent":0,"menu_order":0,"comment_status":"closed","ping_status":"closed","template":"","meta":{"spay_email":""},"_links":{"self":[{"href":"https:\/\/danielacortelazzo.it\/index.php?rest_route=\/wp\/v2\/pages\/42"}],"collection":[{"href":"https:\/\/danielacortelazzo.it\/index.php?rest_route=\/wp\/v2\/pages"}],"about":[{"href":"https:\/\/danielacortelazzo.it\/index.php?rest_route=\/wp\/v2\/types\/page"}],"author":[{"embeddable":true,"href":"https:\/\/danielacortelazzo.it\/index.php?rest_route=\/wp\/v2\/users\/1"}],"replies":[{"embeddable":true,"href":"https:\/\/danielacortelazzo.it\/index.php?rest_route=%2Fwp%2Fv2%2Fcomments&post=42"}],"version-history":[{"count":19,"href":"https:\/\/danielacortelazzo.it\/index.php?rest_route=\/wp\/v2\/pages\/42\/revisions"}],"predecessor-version":[{"id":260,"href":"https:\/\/danielacortelazzo.it\/index.php?rest_route=\/wp\/v2\/pages\/42\/revisions\/260"}],"wp:featuredmedia":[{"embeddable":true,"href":"https:\/\/danielacortelazzo.it\/index.php?rest_route=\/wp\/v2\/media\/169"}],"wp:attachment":[{"href":"https:\/\/danielacortelazzo.it\/index.php?rest_route=%2Fwp%2Fv2%2Fmedia&parent=42"}],"curies":[{"name":"wp","href":"https:\/\/api.w.org\/{rel}","templated":true}]}}